{"id":52,"date":"2018-04-14T13:18:16","date_gmt":"2018-04-14T13:18:16","guid":{"rendered":"http:\/\/wpmupro.com\/demo\/virtua\/?page_id=52"},"modified":"2019-05-03T17:57:35","modified_gmt":"2019-05-03T15:57:35","slug":"nosotros","status":"publish","type":"page","link":"https:\/\/www.itemur.com\/index.php\/nosotros\/","title":{"rendered":"Nosotros"},"content":{"rendered":"<div id=\"pl-52\"  class=\"panel-layout\" ><div id=\"pg-52-0\"  class=\"panel-grid panel-has-style no-overlap\" ><div class=\"siteorigin-panels-stretch svg-separator-enabled bottom-svg-angled-inverted bottom-inside panel-row-style panel-row-style-for-52-0\" data-stretch-type=\"full\" data-separator-top-color=\"#ffffff\" data-separator-bottom-color=\"#ffffff\" ><div id=\"pgc-52-0-0\"  class=\"panel-grid-cell\" ><div id=\"panel-52-0-0-0\" class=\"so-panel widget widget_virtua-heading panel-first-child panel-last-child\" data-index=\"0\" ><div class=\"so-widget-virtua-heading so-widget-virtua-heading-base\"><h3 class=\"secondary-color h2-style1\">\r\n\r\n\tNosotros\r\n<\/h3><\/div><\/div><\/div><\/div><\/div><div id=\"pg-52-1\"  class=\"panel-grid panel-no-style no-overlap\" ><div id=\"pgc-52-1-0\"  class=\"panel-grid-cell\" ><div id=\"panel-52-1-0-0\" class=\"so-panel widget widget_sow-editor panel-first-child panel-last-child\" data-index=\"1\" ><div class=\"so-widget-sow-editor so-widget-sow-editor-base\">\r\n\r\n\r\n<div class=\"siteorigin-widget-tinymce textwidget\">\r\n\r\n<p>Itemur nace ante la necesidad de satisfacer la demanda de t\u00e9cnicos especializados en la inspecci\u00f3n t\u00e9cnica de edificios, que surge en la Comunidad Aut\u00f3noma de Murcia con la regulaci\u00f3n de los Informes de Evaluaci\u00f3n de Edificios y\u00a0<a title=\"Certificado de Eficiencia Energ\u00e9tica\" href=\"https:\/\/web.archive.org\/web\/20160718173217\/http:\/\/www.itemur.com\/certificado-energetico-murcia\/\">Certificado de Eficiencia Energ\u00e9tica<\/a>.<\/p>\n<p>En Itemur contamos con un equipo de arquitectos, arquitectos t\u00e9cnicos, ingenieros de la edificaci\u00f3n e ingenieros t\u00e9cnicos altamente cualificados en materia de patolog\u00edas de la edificaci\u00f3n y eficiencia energ\u00e9tica que nos permite satisfacer las demandas de apoyo y asesoramiento de nuestros clientes.<\/p>\n<p>El objetivo de Itemur es mantener su proyecci\u00f3n Regional, bas\u00e1ndose en cuatro pilares fundamentales para el cliente: la econom\u00eda de nuestras tarifas, la experiencia de nuestro equipo t\u00e9cnico, as\u00ed como la eficacia y la rapidez en nuestra actuaci\u00f3n.<\/p>\n<p>Itemur<b>\u00a0<\/b>es una empresa totalmente\u00a0<b>independiente de cualquier empresa constructora<\/b>, de reformas o de rehabilitaci\u00f3n, velamos por el inter\u00e9s del propietario del inmueble asesor\u00e1ndole lo que m\u00e1s le conviene en cada caso, tanto en materia de eficiencia energ\u00e9tica como en los Informes de Evaluaci\u00f3n de edificios. Informamos objetivamente constatando la realidad del estado de los inmuebles, evitando que el cliente tenga que asumir gastos innecesarios. Trabajando por ello de forma totalmente transparente y en colaboraci\u00f3n con los propietarios.<\/p>\n<p>Itemur tiene como \u00e1mbito de actuaci\u00f3n<b>\u00a0toda la Regi\u00f3n de Murcia<\/b>\u00a0as\u00ed como la zona sur de la provincia de\u00a0<b>Alicante<\/b>\u00a0(Orihuela, Torrevieja y playas de Orihuela, etc.), y, por supuesto, acudimos a todos aquellos municipios de la Regi\u00f3n de Murcia en los que se requiere el IEE: Murcia, Cartagena, Lorca, Molina de Segura, Alcantarilla, Totana, Mazarr\u00f3n, \u00c1guilas, Torre Pacheco, San Javier, Yecla, Jumilla, Cieza y Caravaca de la Cruz.<\/p>\n\r\n<\/div>\r\n\r\n\r\n\r\n<\/div><\/div><\/div><\/div><div id=\"pg-52-2\"  class=\"panel-grid panel-no-style no-overlap\" ><div id=\"pgc-52-2-0\"  class=\"panel-grid-cell\" ><div id=\"panel-52-2-0-0\" class=\"so-panel widget widget_virtua-empty-space panel-first-child panel-last-child\" data-index=\"2\" ><div class=\"so-widget-virtua-empty-space so-widget-virtua-empty-space-base\"><div style=\"height: 100px\">\r\n<\/div><\/div><\/div><\/div><\/div><\/div>","protected":false},"excerpt":{"rendered":"<p>Itemur nace ante la necesidad de satisfacer la demanda de t\u00e9cnicos especializados en la inspecci\u00f3n t\u00e9cnica de edificios, que surge en la Comunidad Aut\u00f3noma de Murcia con la regulaci\u00f3n de los Informes de Evaluaci\u00f3n de &#8230;<\/p>\n","protected":false},"author":1,"featured_media":0,"parent":0,"menu_order":0,"comment_status":"closed","ping_status":"closed","template":"","meta":{"footnotes":""},"class_list":["post-52","page","type-page","status-publish","hentry"],"_links":{"self":[{"href":"https:\/\/www.itemur.com\/index.php\/wp-json\/wp\/v2\/pages\/52","targetHints":{"allow":["GET"]}}],"collection":[{"href":"https:\/\/www.itemur.com\/index.php\/wp-json\/wp\/v2\/pages"}],"about":[{"href":"https:\/\/www.itemur.com\/index.php\/wp-json\/wp\/v2\/types\/page"}],"author":[{"embeddable":true,"href":"https:\/\/www.itemur.com\/index.php\/wp-json\/wp\/v2\/users\/1"}],"replies":[{"embeddable":true,"href":"https:\/\/www.itemur.com\/index.php\/wp-json\/wp\/v2\/comments?post=52"}],"version-history":[{"count":13,"href":"https:\/\/www.itemur.com\/index.php\/wp-json\/wp\/v2\/pages\/52\/revisions"}],"predecessor-version":[{"id":641,"href":"https:\/\/www.itemur.com\/index.php\/wp-json\/wp\/v2\/pages\/52\/revisions\/641"}],"wp:attachment":[{"href":"https:\/\/www.itemur.com\/index.php\/wp-json\/wp\/v2\/media?parent=52"}],"curies":[{"name":"wp","href":"https:\/\/api.w.org\/{rel}","templated":true}]}}