{"id":56,"date":"2018-04-14T13:18:36","date_gmt":"2018-04-14T13:18:36","guid":{"rendered":"http:\/\/wpmupro.com\/demo\/virtua\/?page_id=56"},"modified":"2019-05-03T15:57:27","modified_gmt":"2019-05-03T13:57:27","slug":"contacto","status":"publish","type":"page","link":"https:\/\/www.itemur.com\/index.php\/contacto\/","title":{"rendered":"Contacto"},"content":{"rendered":"<div id=\"pl-56\"  class=\"panel-layout\" ><div id=\"pg-56-0\"  class=\"panel-grid panel-has-style no-overlap\" ><div class=\"siteorigin-panels-stretch panel-row-style panel-row-style-for-56-0\" data-stretch-type=\"full-stretched\" ><div id=\"pgc-56-0-0\"  class=\"panel-grid-cell\" ><div id=\"panel-56-0-0-0\" class=\"so-panel widget widget_sow-google-map panel-first-child panel-last-child\" data-index=\"0\" ><div class=\"so-widget-sow-google-map so-widget-sow-google-map-default-6b23895f316e-56\">\n<div class=\"sow-google-map-canvas\"\n\tstyle=\"\"\n\tid=\"map-canvas-8f6f514caf22e874c1206c3fff3cb921\"\n\tdata-options=\"{&quot;address&quot;:&quot;C\\\/ Calder\\u00f3n de la Barca, 2. 3\\u00baD. 30001 Murcia, Espa\\u00f1a&quot;,&quot;zoom&quot;:12,&quot;mobileZoom&quot;:12,&quot;gestureHandling&quot;:&quot;cooperative&quot;,&quot;disableUi&quot;:false,&quot;keepCentered&quot;:false,&quot;markerIcon&quot;:&quot;&quot;,&quot;markersDraggable&quot;:false,&quot;markerAtCenter&quot;:true,&quot;markerInfoDisplay&quot;:&quot;click&quot;,&quot;markerInfoMultiple&quot;:true,&quot;markerPositions&quot;:&quot;&quot;,&quot;mapName&quot;:&quot;&quot;,&quot;mapStyles&quot;:&quot;&quot;,&quot;directions&quot;:&quot;&quot;,&quot;apiKey&quot;:&quot;AIzaSyBB52D9nlVC4Oa8Y1BCx6dpGmg2k2VSUtE&quot;,&quot;breakpoint&quot;:780}\"\n\tdata-fallback-image=\"{&quot;img&quot;:&quot;&quot;}\"><\/div>\n<\/div><\/div><\/div><\/div><\/div><div id=\"pg-56-1\"  class=\"panel-grid panel-no-style no-overlap\" ><div id=\"pgc-56-1-0\"  class=\"panel-grid-cell\" ><div id=\"panel-56-1-0-0\" class=\"so-panel widget widget_sow-editor panel-first-child\" data-index=\"1\" ><div class=\"so-widget-sow-editor so-widget-sow-editor-base\">\r\n\t<h3 class=\"primary-color h2-style3\">\r\n\r\n\t\tFormulario de contacto\r\n\t<\/h3>\t\r\n\r\n\r\n\r\n\r\n<div class=\"siteorigin-widget-tinymce textwidget\">\r\n\r\n<p>Itemur tiene como \u00e1mbito de actuaci\u00f3n toda la Regi\u00f3n de Murcia as\u00ed como la zona sur de la provincia de Alicante (Orihuela, Torrevieja y playas de Orihuela, etc.), y, por supuesto, acudimos a todos aquellos municipios de la Regi\u00f3n de Murcia en los que se requiere la ITE: Murcia, Cartagena, Lorca, Molina de Segura, Alcantarilla, Totana, Mazarr\u00f3n, \u00c1guilas, Torre Pacheco, San Javier, Yecla, Jumilla, Cieza y Caravaca de la Cruz.<\/p>\n\r\n<\/div>\r\n\r\n\r\n\r\n<\/div><\/div><div id=\"panel-56-1-0-1\" class=\"widget_text so-panel widget widget_custom_html panel-last-child\" data-index=\"2\" ><div class=\"textwidget custom-html-widget\"><div role=\"form\" class=\"wpcf7\" id=\"wpcf7-f5-o1\" lang=\"en-US\" dir=\"ltr\">\n<div class=\"screen-reader-response\"><p role=\"status\" aria-live=\"polite\" aria-atomic=\"true\"><\/p> <ul><\/ul><\/div>\n<form action=\"\/index.php\/wp-json\/wp\/v2\/pages\/56#wpcf7-f5-o1\" method=\"post\" class=\"wpcf7-form init\" novalidate=\"novalidate\" data-status=\"init\">\n<div style=\"display: none;\">\n<input type=\"hidden\" name=\"_wpcf7\" value=\"5\" \/>\n<input type=\"hidden\" name=\"_wpcf7_version\" value=\"5.4.1\" \/>\n<input type=\"hidden\" name=\"_wpcf7_locale\" value=\"en_US\" \/>\n<input type=\"hidden\" name=\"_wpcf7_unit_tag\" value=\"wpcf7-f5-o1\" \/>\n<input type=\"hidden\" name=\"_wpcf7_container_post\" value=\"0\" \/>\n<input type=\"hidden\" name=\"_wpcf7_posted_data_hash\" value=\"\" \/>\n<\/div>\n<p><label><span class=\"wpcf7-form-control-wrap your-name\"><input type=\"text\" name=\"your-name\" value=\"\" size=\"40\" class=\"wpcf7-form-control wpcf7-text wpcf7-validates-as-required\" aria-required=\"true\" aria-invalid=\"false\" placeholder=\"Nombre\" \/><\/span><\/label><\/p>\n<p><label><span class=\"wpcf7-form-control-wrap your-phone\"><input type=\"text\" name=\"your-phone\" value=\"\" size=\"40\" class=\"wpcf7-form-control wpcf7-text wpcf7-validates-as-required\" aria-required=\"true\" aria-invalid=\"false\" placeholder=\"Tel\u00e9fono\" \/><\/span><\/label><\/p>\n<p><label><span class=\"wpcf7-form-control-wrap your-email\"><input type=\"email\" name=\"your-email\" value=\"\" size=\"40\" class=\"wpcf7-form-control wpcf7-text wpcf7-email wpcf7-validates-as-required wpcf7-validates-as-email\" aria-required=\"true\" aria-invalid=\"false\" placeholder=\"Email\" \/><\/span><\/label><\/p>\n<p><label><span class=\"wpcf7-form-control-wrap your-message\"><textarea name=\"your-message\" cols=\"40\" rows=\"10\" class=\"wpcf7-form-control wpcf7-textarea\" aria-invalid=\"false\" placeholder=\"Comentarios\"><\/textarea><\/span><\/label><\/p>\n<p><input type=\"submit\" value=\"Enviar\" class=\"wpcf7-form-control wpcf7-submit\" \/><\/p>\n<div class=\"wpcf7-response-output\" aria-hidden=\"true\"><\/div><\/form><\/div><\/div><\/div><\/div><div id=\"pgc-56-1-1\"  class=\"panel-grid-cell\" ><div id=\"panel-56-1-1-0\" class=\"so-panel widget widget_virtua-heading panel-first-child\" data-index=\"3\" ><div class=\"so-widget-virtua-heading so-widget-virtua-heading-base\"><h3 class=\"primary-color h2-style3\">\r\n\r\n\t\u00bfD\u00f3nde estamos?\r\n<\/h3><\/div><\/div><div id=\"panel-56-1-1-1\" class=\"so-panel widget widget_virtua-contact-info panel-last-child\" data-index=\"4\" ><div class=\"so-widget-virtua-contact-info so-widget-virtua-contact-info-base\"><div class=\"op-get-in-touch op-right-sidebar\">\r\n\r\n\t<div class=\"op-call-fax\">\r\n\r\n\t\t\r\n\t\t<span class=\"call\">\r\n\r\n\t\t\t<i class=\"fa fa-phone\" aria-hidden=\"true\"><\/i> <a class=\"semi-bold\" href=\"tel:+34 636 032 012\">+34 636 032 012<\/a>\r\n\r\n\t\t<\/span>\r\n\r\n\t\t\r\n\t\t\r\n\t\t<span class=\"fax\">\r\n\r\n\t\t\t<i class=\"fa fa-fax\" aria-hidden=\"true\"><\/i><a class=\"semi-bold\" href=\"tel:info@itemur.com\"> info@itemur.com<\/a>\r\n\r\n\t\t<\/span>\r\n\r\n\t\t\r\n\t<\/div>\r\n\r\n\r\n\t<h4>Itemur<\/h4>\r\n\r\n\t<div class=\"contact-location location-section\">\r\n\r\n\t\t<span class=\"semi-bold location-marker\"> C\/ Calder\u00f3n de la Barca, 2. 3\u00baD.\n30001 Murcia, Espa\u00f1a<\/span>\r\n\r\n\t<\/div>\r\n\r\n\r\n<\/div><\/div><\/div><\/div><\/div><\/div>","protected":false},"excerpt":{"rendered":"<p>Itemur tiene como \u00e1mbito de actuaci\u00f3n toda la Regi\u00f3n de Murcia as\u00ed como la zona sur de la provincia de Alicante (Orihuela, Torrevieja y playas de Orihuela, etc.), y, por supuesto, acudimos a todos aquellos &#8230;<\/p>\n","protected":false},"author":1,"featured_media":0,"parent":0,"menu_order":0,"comment_status":"closed","ping_status":"closed","template":"","meta":{"footnotes":""},"class_list":["post-56","page","type-page","status-publish","hentry"],"_links":{"self":[{"href":"https:\/\/www.itemur.com\/index.php\/wp-json\/wp\/v2\/pages\/56","targetHints":{"allow":["GET"]}}],"collection":[{"href":"https:\/\/www.itemur.com\/index.php\/wp-json\/wp\/v2\/pages"}],"about":[{"href":"https:\/\/www.itemur.com\/index.php\/wp-json\/wp\/v2\/types\/page"}],"author":[{"embeddable":true,"href":"https:\/\/www.itemur.com\/index.php\/wp-json\/wp\/v2\/users\/1"}],"replies":[{"embeddable":true,"href":"https:\/\/www.itemur.com\/index.php\/wp-json\/wp\/v2\/comments?post=56"}],"version-history":[{"count":11,"href":"https:\/\/www.itemur.com\/index.php\/wp-json\/wp\/v2\/pages\/56\/revisions"}],"predecessor-version":[{"id":586,"href":"https:\/\/www.itemur.com\/index.php\/wp-json\/wp\/v2\/pages\/56\/revisions\/586"}],"wp:attachment":[{"href":"https:\/\/www.itemur.com\/index.php\/wp-json\/wp\/v2\/media?parent=56"}],"curies":[{"name":"wp","href":"https:\/\/api.w.org\/{rel}","templated":true}]}}